{"id":546,"date":"2019-04-22T09:04:00","date_gmt":"2019-04-22T07:04:00","guid":{"rendered":"http:\/\/www.panoramapanzio.ro\/?page_id=546"},"modified":"2019-04-22T09:16:43","modified_gmt":"2019-04-22T07:16:43","slug":"sutikezeles","status":"publish","type":"page","link":"https:\/\/www.panoramapanzio.ro\/index.php\/sutikezeles\/","title":{"rendered":"S\u00fctikezel\u00e9s"},"content":{"rendered":"\n<p><\/p>\n\n\n\n<p><strong>Mi az a s\u00fcti<\/strong><\/p>\n\n\n\n<p>A s\u00fcti (cookie) egy kis f\u00e1jl, amely akkor ker\u00fcl a sz\u00e1m\u00edt\u00f3g\u00e9pre, amikor \u00d6n egy webhelyet l\u00e1togat meg. A s\u00fctik sz\u00e1mtalan funkci\u00f3val rendelkeznek. T\u00f6bbek k\u00f6z\u00f6tt inform\u00e1ci\u00f3t gy\u0171jtenek, megjegyzik a l\u00e1togat\u00f3 egy\u00e9ni be\u00e1ll\u00edt\u00e1sait, felhaszn\u00e1l\u00e1sra ker\u00fclnek pl. az online aj\u00e1nlatk\u00e9r\u00e9s\/megrendel\u00e9s haszn\u00e1latakor, \u00e9s \u00e1ltal\u00e1noss\u00e1gban megk\u00f6nny\u00edtik a weboldal haszn\u00e1lat\u00e1t a felhaszn\u00e1l\u00f3k sz\u00e1m\u00e1ra.<\/p>\n\n\n\n<p><strong>A panoramapanzio.ro milyen s\u00fctiket \u00e9s mire haszn\u00e1l?<\/strong><\/p>\n\n\n\n<p><strong>Felt\u00e9tlen\u00fcl sz\u00fcks\u00e9ges, munkamenet (session) s\u00fctik<\/strong><\/p>\n\n\n\n<p>Ezen s\u00fctik \u00e9rv\u00e9nyess\u00e9gi ideje kiz\u00e1r\u00f3lag az \u00d6n aktu\u00e1lis l\u00e1togat\u00e1s\u00e1ra vonatkoznak, a munkamenet (session) v\u00e9gezt\u00e9vel, a b\u00f6ng\u00e9sz\u0151 bez\u00e1r\u00e1s\u00e1val automatikusan t\u00f6rl\u0151dnek. Ezek a s\u00fctik ahhoz kellenek, hogy a felhaszn\u00e1l\u00f3k b\u00f6ng\u00e9szhess\u00e9k oldalunkat, haszn\u00e1lj\u00e1k annak funkci\u00f3it.<\/p>\n\n\n\n<p>Ne feledje, ezen cookie-k alkalmaz\u00e1sa n\u00e9lk\u00fcl nem tudjuk garant\u00e1lni \u00d6nnek weboldalunk haszn\u00e1lat\u00e1t.<\/p>\n\n\n\n<p>Tov\u00e1bbi s\u00fctikkel kacsolatos inform\u00e1ci\u00f3k\u00e9rt keresse fel a <a href=\"http:\/\/www.allaboutcookies.org\" target=\"_blank\" rel=\"noreferrer noopener\" aria-label=\" (\u00faj f\u00fcl\u00f6n nyitja meg)\">www.allaboutcookies.org<\/a> vagy a <a href=\"http:\/\/www.youronlinechoices.com\" target=\"_blank\" rel=\"noopener noreferrer\">www.youronlinechoices.com<\/a> oldalakat.<\/p>\n","protected":false},"excerpt":{"rendered":"<p>Mi az a s\u00fcti A s\u00fcti (cookie) egy kis f\u00e1jl, amely akkor ker\u00fcl a sz\u00e1m\u00edt\u00f3g\u00e9pre, amikor \u00d6n egy webhelyet l\u00e1togat meg. A s\u00fctik sz\u00e1mtalan funkci\u00f3val rendelkeznek. T\u00f6bbek k\u00f6z\u00f6tt inform\u00e1ci\u00f3t gy\u0171jtenek, megjegyzik a l\u00e1togat\u00f3 egy\u00e9ni be\u00e1ll\u00edt\u00e1sait, felhaszn\u00e1l\u00e1sra ker\u00fclnek pl. az online aj\u00e1nlatk\u00e9r\u00e9s\/megrendel\u00e9s haszn\u00e1latakor, \u00e9s \u00e1ltal\u00e1noss\u00e1gban megk\u00f6nny\u00edtik a weboldal haszn\u00e1lat\u00e1t a felhaszn\u00e1l\u00f3k sz\u00e1m\u00e1ra. A panoramapanzio.ro milyen s\u00fctiket [&hellip;]<\/p>\n","protected":false},"author":1,"featured_media":0,"parent":0,"menu_order":0,"comment_status":"closed","ping_status":"closed","template":"","meta":{"footnotes":""},"class_list":["post-546","page","type-page","status-publish","hentry"],"yoast_head":"<!-- This site is optimized with the Yoast SEO plugin v25.9 - https:\/\/yoast.com\/wordpress\/plugins\/seo\/ -->\n<title>S\u00fctikezel\u00e9s - Panor\u00e1ma Panzi\u00f3<\/title>\n<meta name=\"robots\" content=\"index, follow, max-snippet:-1, max-image-preview:large, max-video-preview:-1\" \/>\n<link rel=\"canonical\" href=\"https:\/\/www.panoramapanzio.ro\/index.php\/sutikezeles\/\" \/>\n<meta property=\"og:locale\" content=\"hu_HU\" \/>\n<meta property=\"og:type\" content=\"article\" \/>\n<meta property=\"og:title\" content=\"S\u00fctikezel\u00e9s - Panor\u00e1ma Panzi\u00f3\" \/>\n<meta property=\"og:description\" content=\"Mi az a s\u00fcti A s\u00fcti (cookie) egy kis f\u00e1jl, amely akkor ker\u00fcl a sz\u00e1m\u00edt\u00f3g\u00e9pre, amikor \u00d6n egy webhelyet l\u00e1togat meg. A s\u00fctik sz\u00e1mtalan funkci\u00f3val rendelkeznek. T\u00f6bbek k\u00f6z\u00f6tt inform\u00e1ci\u00f3t gy\u0171jtenek, megjegyzik a l\u00e1togat\u00f3 egy\u00e9ni be\u00e1ll\u00edt\u00e1sait, felhaszn\u00e1l\u00e1sra ker\u00fclnek pl. az online aj\u00e1nlatk\u00e9r\u00e9s\/megrendel\u00e9s haszn\u00e1latakor, \u00e9s \u00e1ltal\u00e1noss\u00e1gban megk\u00f6nny\u00edtik a weboldal haszn\u00e1lat\u00e1t a felhaszn\u00e1l\u00f3k sz\u00e1m\u00e1ra. A panoramapanzio.ro milyen s\u00fctiket [&hellip;]\" \/>\n<meta property=\"og:url\" content=\"https:\/\/www.panoramapanzio.ro\/index.php\/sutikezeles\/\" \/>\n<meta property=\"og:site_name\" content=\"Panor\u00e1ma Panzi\u00f3\" \/>\n<meta property=\"article:modified_time\" content=\"2019-04-22T07:16:43+00:00\" \/>\n<meta name=\"twitter:card\" content=\"summary_large_image\" \/>\n<meta name=\"twitter:label1\" content=\"Becs\u00fclt olvas\u00e1si id\u0151\" \/>\n\t<meta name=\"twitter:data1\" content=\"1 perc\" \/>\n<script type=\"application\/ld+json\" class=\"yoast-schema-graph\">{\"@context\":\"https:\/\/schema.org\",\"@graph\":[{\"@type\":\"WebPage\",\"@id\":\"https:\/\/www.panoramapanzio.ro\/index.php\/sutikezeles\/\",\"url\":\"https:\/\/www.panoramapanzio.ro\/index.php\/sutikezeles\/\",\"name\":\"S\u00fctikezel\u00e9s - Panor\u00e1ma Panzi\u00f3\",\"isPartOf\":{\"@id\":\"https:\/\/www.panoramapanzio.ro\/#website\"},\"datePublished\":\"2019-04-22T07:04:00+00:00\",\"dateModified\":\"2019-04-22T07:16:43+00:00\",\"breadcrumb\":{\"@id\":\"https:\/\/www.panoramapanzio.ro\/index.php\/sutikezeles\/#breadcrumb\"},\"inLanguage\":\"hu\",\"potentialAction\":[{\"@type\":\"ReadAction\",\"target\":[\"https:\/\/www.panoramapanzio.ro\/index.php\/sutikezeles\/\"]}]},{\"@type\":\"BreadcrumbList\",\"@id\":\"https:\/\/www.panoramapanzio.ro\/index.php\/sutikezeles\/#breadcrumb\",\"itemListElement\":[{\"@type\":\"ListItem\",\"position\":1,\"name\":\"Home\",\"item\":\"https:\/\/www.panoramapanzio.ro\/index.php\/en\/home\/\"},{\"@type\":\"ListItem\",\"position\":2,\"name\":\"S\u00fctikezel\u00e9s\"}]},{\"@type\":\"WebSite\",\"@id\":\"https:\/\/www.panoramapanzio.ro\/#website\",\"url\":\"https:\/\/www.panoramapanzio.ro\/\",\"name\":\"Panor\u00e1ma Panzi\u00f3\",\"description\":\"Confort &amp; Relaxation\",\"potentialAction\":[{\"@type\":\"SearchAction\",\"target\":{\"@type\":\"EntryPoint\",\"urlTemplate\":\"https:\/\/www.panoramapanzio.ro\/?s={search_term_string}\"},\"query-input\":{\"@type\":\"PropertyValueSpecification\",\"valueRequired\":true,\"valueName\":\"search_term_string\"}}],\"inLanguage\":\"hu\"}]}<\/script>\n<!-- \/ Yoast SEO plugin. -->","yoast_head_json":{"title":"S\u00fctikezel\u00e9s - Panor\u00e1ma Panzi\u00f3","robots":{"index":"index","follow":"follow","max-snippet":"max-snippet:-1","max-image-preview":"max-image-preview:large","max-video-preview":"max-video-preview:-1"},"canonical":"https:\/\/www.panoramapanzio.ro\/index.php\/sutikezeles\/","og_locale":"hu_HU","og_type":"article","og_title":"S\u00fctikezel\u00e9s - Panor\u00e1ma Panzi\u00f3","og_description":"Mi az a s\u00fcti A s\u00fcti (cookie) egy kis f\u00e1jl, amely akkor ker\u00fcl a sz\u00e1m\u00edt\u00f3g\u00e9pre, amikor \u00d6n egy webhelyet l\u00e1togat meg. A s\u00fctik sz\u00e1mtalan funkci\u00f3val rendelkeznek. T\u00f6bbek k\u00f6z\u00f6tt inform\u00e1ci\u00f3t gy\u0171jtenek, megjegyzik a l\u00e1togat\u00f3 egy\u00e9ni be\u00e1ll\u00edt\u00e1sait, felhaszn\u00e1l\u00e1sra ker\u00fclnek pl. az online aj\u00e1nlatk\u00e9r\u00e9s\/megrendel\u00e9s haszn\u00e1latakor, \u00e9s \u00e1ltal\u00e1noss\u00e1gban megk\u00f6nny\u00edtik a weboldal haszn\u00e1lat\u00e1t a felhaszn\u00e1l\u00f3k sz\u00e1m\u00e1ra. A panoramapanzio.ro milyen s\u00fctiket [&hellip;]","og_url":"https:\/\/www.panoramapanzio.ro\/index.php\/sutikezeles\/","og_site_name":"Panor\u00e1ma Panzi\u00f3","article_modified_time":"2019-04-22T07:16:43+00:00","twitter_card":"summary_large_image","twitter_misc":{"Becs\u00fclt olvas\u00e1si id\u0151":"1 perc"},"schema":{"@context":"https:\/\/schema.org","@graph":[{"@type":"WebPage","@id":"https:\/\/www.panoramapanzio.ro\/index.php\/sutikezeles\/","url":"https:\/\/www.panoramapanzio.ro\/index.php\/sutikezeles\/","name":"S\u00fctikezel\u00e9s - Panor\u00e1ma Panzi\u00f3","isPartOf":{"@id":"https:\/\/www.panoramapanzio.ro\/#website"},"datePublished":"2019-04-22T07:04:00+00:00","dateModified":"2019-04-22T07:16:43+00:00","breadcrumb":{"@id":"https:\/\/www.panoramapanzio.ro\/index.php\/sutikezeles\/#breadcrumb"},"inLanguage":"hu","potentialAction":[{"@type":"ReadAction","target":["https:\/\/www.panoramapanzio.ro\/index.php\/sutikezeles\/"]}]},{"@type":"BreadcrumbList","@id":"https:\/\/www.panoramapanzio.ro\/index.php\/sutikezeles\/#breadcrumb","itemListElement":[{"@type":"ListItem","position":1,"name":"Home","item":"https:\/\/www.panoramapanzio.ro\/index.php\/en\/home\/"},{"@type":"ListItem","position":2,"name":"S\u00fctikezel\u00e9s"}]},{"@type":"WebSite","@id":"https:\/\/www.panoramapanzio.ro\/#website","url":"https:\/\/www.panoramapanzio.ro\/","name":"Panor\u00e1ma Panzi\u00f3","description":"Confort &amp; Relaxation","potentialAction":[{"@type":"SearchAction","target":{"@type":"EntryPoint","urlTemplate":"https:\/\/www.panoramapanzio.ro\/?s={search_term_string}"},"query-input":{"@type":"PropertyValueSpecification","valueRequired":true,"valueName":"search_term_string"}}],"inLanguage":"hu"}]}},"_links":{"self":[{"href":"https:\/\/www.panoramapanzio.ro\/index.php\/wp-json\/wp\/v2\/pages\/546","targetHints":{"allow":["GET"]}}],"collection":[{"href":"https:\/\/www.panoramapanzio.ro\/index.php\/wp-json\/wp\/v2\/pages"}],"about":[{"href":"https:\/\/www.panoramapanzio.ro\/index.php\/wp-json\/wp\/v2\/types\/page"}],"author":[{"embeddable":true,"href":"https:\/\/www.panoramapanzio.ro\/index.php\/wp-json\/wp\/v2\/users\/1"}],"replies":[{"embeddable":true,"href":"https:\/\/www.panoramapanzio.ro\/index.php\/wp-json\/wp\/v2\/comments?post=546"}],"version-history":[{"count":4,"href":"https:\/\/www.panoramapanzio.ro\/index.php\/wp-json\/wp\/v2\/pages\/546\/revisions"}],"predecessor-version":[{"id":555,"href":"https:\/\/www.panoramapanzio.ro\/index.php\/wp-json\/wp\/v2\/pages\/546\/revisions\/555"}],"wp:attachment":[{"href":"https:\/\/www.panoramapanzio.ro\/index.php\/wp-json\/wp\/v2\/media?parent=546"}],"curies":[{"name":"wp","href":"https:\/\/api.w.org\/{rel}","templated":true}]}}