{"id":550,"date":"2019-04-22T09:09:16","date_gmt":"2019-04-22T07:09:16","guid":{"rendered":"http:\/\/www.panoramapanzio.ro\/?page_id=550"},"modified":"2019-04-22T09:14:20","modified_gmt":"2019-04-22T07:14:20","slug":"uses-of-cookies","status":"publish","type":"page","link":"https:\/\/www.panoramapanzio.ro\/index.php\/en\/uses-of-cookies\/","title":{"rendered":"Uses of cookies"},"content":{"rendered":"<p>Cookies are small text files that are placed on your computer by websites that you visit. They are widely used in order to make websites work, or work more efficiently, as well as to provide information to the owners of the site.<\/p>\n<p>www.panoramapanzio.ro website uses cookies:<\/p>\n<div class=\"container\">\n<div class=\"Default \">\n<h4 class=\"text-left \">Session cookies:<\/h4>\n<\/div>\n<\/div>\n<div class=\"section\">\n<div class=\"\">\n<div class=\"container  text-left \">\n<p>These are temporary cookies, which only exist for the period a User accesses the EuroDNS Website and which are automatically deleted from the User&#8217;s device at the end of each visit. Session cookies enable the\u00a0EuroDNS Website to keep track of the Users&#8217; movements within the EuroDNS Website and prevent Users from being asked for the same information endlessly.For example, when a\u00a0User selects and adds services to its shopping cart, the session cookie remembers the User&#8217;s selection and keeps the selected items in the shopping cart until the User is ready to check out. Without session cookies, the User&#8217;s services selection could not be registered and the shopping cart would always remain empty.<\/p>\n<\/div>\n<\/div>\n<\/div>\n<p>&nbsp;<\/p>\n<p>In addition to the information we provide in this Cookie Policy, you can find out more information about your online choices at <a href=\"http:\/\/www.youronlinechoices.com\/uk\/opt-out-help\" target=\"_blank\" rel=\"noopener noreferrer\">http:\/\/www.youronlinechoices.com\/uk\/opt-out-help<\/a><\/p>\n","protected":false},"excerpt":{"rendered":"<p>Cookies are small text files that are placed on your computer by websites that you visit. They are widely used in order to make websites work, or work more efficiently, as well as to provide information to the owners of the site. www.panoramapanzio.ro website uses cookies: Session cookies: These are temporary cookies, which only exist [&hellip;]<\/p>\n","protected":false},"author":1,"featured_media":0,"parent":0,"menu_order":0,"comment_status":"closed","ping_status":"closed","template":"","meta":{"footnotes":""},"class_list":["post-550","page","type-page","status-publish","hentry"],"yoast_head":"<!-- This site is optimized with the Yoast SEO plugin v25.9 - https:\/\/yoast.com\/wordpress\/plugins\/seo\/ -->\n<title>Uses of cookies - Panor\u00e1ma Panzi\u00f3<\/title>\n<meta name=\"robots\" content=\"index, follow, max-snippet:-1, max-image-preview:large, max-video-preview:-1\" \/>\n<link rel=\"canonical\" href=\"https:\/\/www.panoramapanzio.ro\/index.php\/en\/uses-of-cookies\/\" \/>\n<meta property=\"og:locale\" content=\"hu_HU\" \/>\n<meta property=\"og:type\" content=\"article\" \/>\n<meta property=\"og:title\" content=\"Uses of cookies - Panor\u00e1ma Panzi\u00f3\" \/>\n<meta property=\"og:description\" content=\"Cookies are small text files that are placed on your computer by websites that you visit. They are widely used in order to make websites work, or work more efficiently, as well as to provide information to the owners of the site. www.panoramapanzio.ro website uses cookies: Session cookies: These are temporary cookies, which only exist [&hellip;]\" \/>\n<meta property=\"og:url\" content=\"https:\/\/www.panoramapanzio.ro\/index.php\/en\/uses-of-cookies\/\" \/>\n<meta property=\"og:site_name\" content=\"Panor\u00e1ma Panzi\u00f3\" \/>\n<meta property=\"article:modified_time\" content=\"2019-04-22T07:14:20+00:00\" \/>\n<meta name=\"twitter:card\" content=\"summary_large_image\" \/>\n<meta name=\"twitter:label1\" content=\"Becs\u00fclt olvas\u00e1si id\u0151\" \/>\n\t<meta name=\"twitter:data1\" content=\"1 perc\" \/>\n<script type=\"application\/ld+json\" class=\"yoast-schema-graph\">{\"@context\":\"https:\/\/schema.org\",\"@graph\":[{\"@type\":\"WebPage\",\"@id\":\"https:\/\/www.panoramapanzio.ro\/index.php\/en\/uses-of-cookies\/\",\"url\":\"https:\/\/www.panoramapanzio.ro\/index.php\/en\/uses-of-cookies\/\",\"name\":\"Uses of cookies - Panor\u00e1ma Panzi\u00f3\",\"isPartOf\":{\"@id\":\"https:\/\/www.panoramapanzio.ro\/#website\"},\"datePublished\":\"2019-04-22T07:09:16+00:00\",\"dateModified\":\"2019-04-22T07:14:20+00:00\",\"breadcrumb\":{\"@id\":\"https:\/\/www.panoramapanzio.ro\/index.php\/en\/uses-of-cookies\/#breadcrumb\"},\"inLanguage\":\"hu\",\"potentialAction\":[{\"@type\":\"ReadAction\",\"target\":[\"https:\/\/www.panoramapanzio.ro\/index.php\/en\/uses-of-cookies\/\"]}]},{\"@type\":\"BreadcrumbList\",\"@id\":\"https:\/\/www.panoramapanzio.ro\/index.php\/en\/uses-of-cookies\/#breadcrumb\",\"itemListElement\":[{\"@type\":\"ListItem\",\"position\":1,\"name\":\"Home\",\"item\":\"https:\/\/www.panoramapanzio.ro\/index.php\/en\/home\/\"},{\"@type\":\"ListItem\",\"position\":2,\"name\":\"Uses of cookies\"}]},{\"@type\":\"WebSite\",\"@id\":\"https:\/\/www.panoramapanzio.ro\/#website\",\"url\":\"https:\/\/www.panoramapanzio.ro\/\",\"name\":\"Panor\u00e1ma Panzi\u00f3\",\"description\":\"Confort &amp; Relaxation\",\"potentialAction\":[{\"@type\":\"SearchAction\",\"target\":{\"@type\":\"EntryPoint\",\"urlTemplate\":\"https:\/\/www.panoramapanzio.ro\/?s={search_term_string}\"},\"query-input\":{\"@type\":\"PropertyValueSpecification\",\"valueRequired\":true,\"valueName\":\"search_term_string\"}}],\"inLanguage\":\"hu\"}]}<\/script>\n<!-- \/ Yoast SEO plugin. -->","yoast_head_json":{"title":"Uses of cookies - Panor\u00e1ma Panzi\u00f3","robots":{"index":"index","follow":"follow","max-snippet":"max-snippet:-1","max-image-preview":"max-image-preview:large","max-video-preview":"max-video-preview:-1"},"canonical":"https:\/\/www.panoramapanzio.ro\/index.php\/en\/uses-of-cookies\/","og_locale":"hu_HU","og_type":"article","og_title":"Uses of cookies - Panor\u00e1ma Panzi\u00f3","og_description":"Cookies are small text files that are placed on your computer by websites that you visit. They are widely used in order to make websites work, or work more efficiently, as well as to provide information to the owners of the site. www.panoramapanzio.ro website uses cookies: Session cookies: These are temporary cookies, which only exist [&hellip;]","og_url":"https:\/\/www.panoramapanzio.ro\/index.php\/en\/uses-of-cookies\/","og_site_name":"Panor\u00e1ma Panzi\u00f3","article_modified_time":"2019-04-22T07:14:20+00:00","twitter_card":"summary_large_image","twitter_misc":{"Becs\u00fclt olvas\u00e1si id\u0151":"1 perc"},"schema":{"@context":"https:\/\/schema.org","@graph":[{"@type":"WebPage","@id":"https:\/\/www.panoramapanzio.ro\/index.php\/en\/uses-of-cookies\/","url":"https:\/\/www.panoramapanzio.ro\/index.php\/en\/uses-of-cookies\/","name":"Uses of cookies - Panor\u00e1ma Panzi\u00f3","isPartOf":{"@id":"https:\/\/www.panoramapanzio.ro\/#website"},"datePublished":"2019-04-22T07:09:16+00:00","dateModified":"2019-04-22T07:14:20+00:00","breadcrumb":{"@id":"https:\/\/www.panoramapanzio.ro\/index.php\/en\/uses-of-cookies\/#breadcrumb"},"inLanguage":"hu","potentialAction":[{"@type":"ReadAction","target":["https:\/\/www.panoramapanzio.ro\/index.php\/en\/uses-of-cookies\/"]}]},{"@type":"BreadcrumbList","@id":"https:\/\/www.panoramapanzio.ro\/index.php\/en\/uses-of-cookies\/#breadcrumb","itemListElement":[{"@type":"ListItem","position":1,"name":"Home","item":"https:\/\/www.panoramapanzio.ro\/index.php\/en\/home\/"},{"@type":"ListItem","position":2,"name":"Uses of cookies"}]},{"@type":"WebSite","@id":"https:\/\/www.panoramapanzio.ro\/#website","url":"https:\/\/www.panoramapanzio.ro\/","name":"Panor\u00e1ma Panzi\u00f3","description":"Confort &amp; Relaxation","potentialAction":[{"@type":"SearchAction","target":{"@type":"EntryPoint","urlTemplate":"https:\/\/www.panoramapanzio.ro\/?s={search_term_string}"},"query-input":{"@type":"PropertyValueSpecification","valueRequired":true,"valueName":"search_term_string"}}],"inLanguage":"hu"}]}},"_links":{"self":[{"href":"https:\/\/www.panoramapanzio.ro\/index.php\/wp-json\/wp\/v2\/pages\/550","targetHints":{"allow":["GET"]}}],"collection":[{"href":"https:\/\/www.panoramapanzio.ro\/index.php\/wp-json\/wp\/v2\/pages"}],"about":[{"href":"https:\/\/www.panoramapanzio.ro\/index.php\/wp-json\/wp\/v2\/types\/page"}],"author":[{"embeddable":true,"href":"https:\/\/www.panoramapanzio.ro\/index.php\/wp-json\/wp\/v2\/users\/1"}],"replies":[{"embeddable":true,"href":"https:\/\/www.panoramapanzio.ro\/index.php\/wp-json\/wp\/v2\/comments?post=550"}],"version-history":[{"count":2,"href":"https:\/\/www.panoramapanzio.ro\/index.php\/wp-json\/wp\/v2\/pages\/550\/revisions"}],"predecessor-version":[{"id":553,"href":"https:\/\/www.panoramapanzio.ro\/index.php\/wp-json\/wp\/v2\/pages\/550\/revisions\/553"}],"wp:attachment":[{"href":"https:\/\/www.panoramapanzio.ro\/index.php\/wp-json\/wp\/v2\/media?parent=550"}],"curies":[{"name":"wp","href":"https:\/\/api.w.org\/{rel}","templated":true}]}}